{"id":1167,"date":"2020-08-06T09:48:04","date_gmt":"2020-08-06T07:48:04","guid":{"rendered":"https:\/\/thepiemel.com\/login\/"},"modified":"2020-10-10T15:21:17","modified_gmt":"2020-10-10T13:21:17","slug":"login","status":"publish","type":"page","link":"https:\/\/thepiemel.com\/es\/login\/","title":{"rendered":"Log In"},"content":{"rendered":"\n\t<div class=\"pmpro\">\n\t\t<section id=\"pmpro_login\" class=\"pmpro_section\">\n\t\t\t\t\t\t\t\t\t\t<div class=\"pmpro_card pmpro_login_wrap\">\n\t\t\t\t\t\t\t\t<h2 class=\"pmpro_card_title pmpro_font-large\">Acceder<\/h2>\t\t\t\t\t\t\t\t<div class=\"pmpro_card_content\">\n\t\t\t\t\t\t\t\t\t<form name=\"loginform\" id=\"loginform\" action=\"https:\/\/thepiemel.com\/wp-login.php\" method=\"post\"><input type=\"hidden\" name=\"pmpro_login_form_used\" value=\"1\" \/><p class=\"login-username\">\n\t\t\t\t<label for=\"user_login\">Nombre de usuario o correo electr\u00f3nico<\/label>\n\t\t\t\t<input type=\"text\" name=\"log\" id=\"user_login\" autocomplete=\"username\" class=\"input\" value=\"\" size=\"20\" \/>\n\t\t\t<\/p><p class=\"login-password\">\n\t\t\t\t<label for=\"user_pass\">Contrase\u00f1a<\/label>\n\t\t\t\t<input type=\"password\" name=\"pwd\" id=\"user_pass\" autocomplete=\"current-password\" spellcheck=\"false\" class=\"input\" value=\"\" size=\"20\" \/>\n\t\t\t<\/p><p class=\"login-remember\"><label><input name=\"rememberme\" type=\"checkbox\" id=\"rememberme\" value=\"forever\" \/> Recu\u00e9rdame<\/label><\/p><p class=\"login-submit\">\n\t\t\t\t<input type=\"submit\" name=\"wp-submit\" id=\"wp-submit\" class=\"button button-primary\" value=\"Acceder\" \/>\n\t\t\t\t<input type=\"hidden\" name=\"redirect_to\" value=\"\" \/>\n\t\t\t<\/p><\/form>\t<div class=\"pmpro_form_field-password-toggle\">\n\t\t<button type=\"button\" id=\"pmpro_btn-password-toggle-1\" class=\"pmpro_btn pmpro_btn-plain hide-if-no-js\" data-toggle=\"0\">\n\t\t\t<span class=\"pmpro_icon pmpro_icon-eye\" aria-hidden=\"true\"><svg xmlns=\"http:\/\/www.w3.org\/2000\/svg\" width=\"20\" height=\"20\" viewBox=\"0 0 24 24\" fill=\"none\" stroke=\"var(--pmpro--color--accent)\" stroke-width=\"2\" stroke-linecap=\"round\" stroke-linejoin=\"round\" class=\"feather feather-eye\"><path d=\"M1 12s4-8 11-8 11 8 11 8-4 8-11 8-11-8-11-8z\"><\/path><circle cx=\"12\" cy=\"12\" r=\"3\"><\/circle><\/svg><\/span>\n\t\t\t<span class=\"pmpro_form_field-password-toggle-state\">Mostrar contrase\u00f1a<\/span>\n\t\t<\/button>\n\t<\/div>\n\t<script>\n\t\t\/\/ Password visibility toggle (wp_login_form instance).\n\t\t(function() {\n\t\t\tconst toggleButton = document.querySelectorAll('#pmpro_btn-password-toggle-1')[0];\n\t\t\tconst toggleWrapper = toggleButton.closest('.pmpro_form_field-password-toggle');\n\t\t\tconst loginForm = toggleWrapper.previousElementSibling;\n\t\t\tconst passwordParagraph = loginForm.querySelector('.login-password');\n\t\t\tconst passwordInput = loginForm.querySelector('#user_pass');\n\n\t\t\tpasswordParagraph.appendChild(toggleWrapper);\n\t\t\ttoggleButton.classList.remove('hide-if-no-js');\n\t\t\ttoggleButton.addEventListener('click', togglePassword);\n\n\t\t\tfunction togglePassword() {\n\t\t\t\tconst status = this.getAttribute('data-toggle');\n\t\t\t\tconst passwordInputs = document.querySelectorAll('#user_pass');\n\t\t\t\tconst icon = this.getElementsByClassName('pmpro_icon')[0];\n\t\t\t\tconst state = this.getElementsByClassName('pmpro_form_field-password-toggle-state')[0];\n\n\t\t\t\tif (parseInt(status, 10) === 0) {\n\t\t\t\t\tthis.setAttribute('data-toggle', 1);\n\t\t\t\t\tpasswordInput.setAttribute( 'type', 'text' );\n\t\t\t\t\ticon.innerHTML = `\n\t\t\t\t\t\t<svg xmlns=\"http:\/\/www.w3.org\/2000\/svg\" width=\"20\" height=\"20\" viewBox=\"0 0 24 24\" fill=\"none\" stroke=\"var(--pmpro--color--accent)\" stroke-width=\"2\" stroke-linecap=\"round\" stroke-linejoin=\"round\" class=\"feather feather-eye-off\">\n\t\t\t\t\t\t\t<path d=\"M17.94 17.94A10.07 10.07 0 0 1 12 20c-7 0-11-8-11-8a18.45 18.45 0 0 1 5.06-5.94M9.9 4.24A9.12 9.12 0 0 1 12 4c7 0 11 8 11 8a18.5 18.5 0 0 1-2.16 3.19m-6.72-1.07a3 3 0 1 1-4.24-4.24\"><\/path>\n\t\t\t\t\t\t\t<line x1=\"1\" y1=\"1\" x2=\"23\" y2=\"23\"><\/line>\n\t\t\t\t\t\t<\/svg>`;\n\t\t\t\t\tstate.textContent = 'Ocultar contrase\u00f1a';\n\t\t\t\t} else {\n\t\t\t\t\tthis.setAttribute('data-toggle', 0);\n\t\t\t\t\tpasswordInput.setAttribute( 'type', 'password' );\n\t\t\t\t\ticon.innerHTML = `\n\t\t\t\t\t\t<svg xmlns=\"http:\/\/www.w3.org\/2000\/svg\" width=\"20\" height=\"20\" viewBox=\"0 0 24 24\" fill=\"none\" stroke=\"var(--pmpro--color--accent)\" stroke-width=\"2\" stroke-linecap=\"round\" stroke-linejoin=\"round\" class=\"feather feather-eye\">\n\t\t\t\t\t\t\t<path d=\"M1 12s4-8 11-8 11 8 11 8-4 8-11 8-11-8-11-8z\"><\/path>\n\t\t\t\t\t\t\t<circle cx=\"12\" cy=\"12\" r=\"3\"><\/circle>\n\t\t\t\t\t\t<\/svg>`;\n\t\t\t\t\tstate.textContent = 'Mostrar contrase\u00f1a';\n\t\t\t\t}\n\t\t\t}\n\t\t})();\n\t<\/script>\n\t\t\t\t\t\t\t\t\t<\/div> <!-- end pmpro_card_content -->\n\t\t\t\t\t\t\t\t<div class=\"pmpro_card_actions\">\n\t\t\t\t\t\t\t\t\t\t<div class=\"pmpro_actions_nav\">\n\t\t<a href=\"https:\/\/thepiemel.com\/es\/membership-account\/membership-levels\/\">\u00danete ahora<\/a> | <a href=\"https:\/\/thepiemel.com\/es\/login\/?action=reset_pass\">\u00bfHas perdido tu contrase\u00f1a?<\/a>\t<\/div> <!-- end pmpro_actions_nav -->\n\t\t\t\t\t\t\t\t\t<\/div> <!-- end pmpro_card_actions -->\n\t\t\t\t\t\t\t<\/div> <!-- end pmpro_login_wrap -->\n\t\t\t\t\t\t\t\n\t\t\t\t\t\t\t\t\t<\/section> <!-- end pmpro_login -->\n\t<\/div> <!-- end pmpro -->\n\t\n","protected":false},"excerpt":{"rendered":"Acceder Nombre de usuario o correo electr\u00f3nico Contrase\u00f1a Recu\u00e9rdame Mostrar contrase\u00f1a \u00danete ahora | \u00bfHas perdido tu contrase\u00f1a?","protected":false},"author":1,"featured_media":0,"parent":0,"menu_order":0,"comment_status":"closed","ping_status":"closed","template":"templates\/no-sidebar.php","meta":{"pmpro_default_level":"","footnotes":""},"class_list":["post-1167","page","type-page","status-publish","hentry","pmpro-has-access"],"yoast_head":"<!-- This site is optimized with the Yoast SEO plugin v27.3 - https:\/\/yoast.com\/product\/yoast-seo-wordpress\/ -->\n<title>Log In &#8226; The Piemel<\/title>\n<meta name=\"description\" content=\"\u60a8\u7684\u9634\u830e\u4ece\u672a\u62e5\u6709\u8fc7\u7684\u624b\u518c\u3002 \u552f\u4e00\uff0c\u6700\u5b8c\u6574\u7684\u4fe1\u606f\u3002 \u4ece\u9f9f\u5934\u7684\u5c16\u7aef\u4e00\u76f4\u5230\u540e\u9762\u3002\" \/>\n<meta name=\"robots\" content=\"index, follow, max-snippet:-1, max-image-preview:large, max-video-preview:-1\" \/>\n<link rel=\"canonical\" href=\"https:\/\/thepiemel.com\/login\/\" \/>\n<meta property=\"og:locale\" content=\"es_ES\" \/>\n<meta property=\"og:type\" content=\"article\" \/>\n<meta property=\"og:title\" content=\"Log In &#8226; The Piemel\" \/>\n<meta property=\"og:description\" content=\"\u60a8\u7684\u9634\u830e\u4ece\u672a\u62e5\u6709\u8fc7\u7684\u624b\u518c\u3002 \u552f\u4e00\uff0c\u6700\u5b8c\u6574\u7684\u4fe1\u606f\u3002 \u4ece\u9f9f\u5934\u7684\u5c16\u7aef\u4e00\u76f4\u5230\u540e\u9762\u3002\" \/>\n<meta property=\"og:url\" content=\"https:\/\/thepiemel.com\/login\/\" \/>\n<meta property=\"og:site_name\" content=\"The Piemel\" \/>\n<meta property=\"article:modified_time\" content=\"2020-10-10T13:21:17+00:00\" \/>\n<meta name=\"twitter:card\" content=\"summary_large_image\" \/>\n<script type=\"application\/ld+json\" class=\"yoast-schema-graph\">{\"@context\":\"https:\\\/\\\/schema.org\",\"@graph\":[{\"@type\":\"WebPage\",\"@id\":\"https:\\\/\\\/thepiemel.com\\\/login\\\/\",\"url\":\"https:\\\/\\\/thepiemel.com\\\/login\\\/\",\"name\":\"Log In &#8226; The Piemel\",\"isPartOf\":{\"@id\":\"https:\\\/\\\/thepiemel.com\\\/#website\"},\"datePublished\":\"2020-08-06T07:48:04+00:00\",\"dateModified\":\"2020-10-10T13:21:17+00:00\",\"description\":\"\u60a8\u7684\u9634\u830e\u4ece\u672a\u62e5\u6709\u8fc7\u7684\u624b\u518c\u3002 \u552f\u4e00\uff0c\u6700\u5b8c\u6574\u7684\u4fe1\u606f\u3002 \u4ece\u9f9f\u5934\u7684\u5c16\u7aef\u4e00\u76f4\u5230\u540e\u9762\u3002\",\"breadcrumb\":{\"@id\":\"https:\\\/\\\/thepiemel.com\\\/login\\\/#breadcrumb\"},\"inLanguage\":\"es\",\"potentialAction\":[{\"@type\":\"ReadAction\",\"target\":[\"https:\\\/\\\/thepiemel.com\\\/login\\\/\"]}]},{\"@type\":\"BreadcrumbList\",\"@id\":\"https:\\\/\\\/thepiemel.com\\\/login\\\/#breadcrumb\",\"itemListElement\":[{\"@type\":\"ListItem\",\"position\":1,\"name\":\"Home\",\"item\":\"https:\\\/\\\/thepiemel.com\\\/\"},{\"@type\":\"ListItem\",\"position\":2,\"name\":\"Log In\"}]},{\"@type\":\"WebSite\",\"@id\":\"https:\\\/\\\/thepiemel.com\\\/#website\",\"url\":\"https:\\\/\\\/thepiemel.com\\\/\",\"name\":\"The Piemel\",\"description\":\"El Manual Perdido\",\"potentialAction\":[{\"@type\":\"SearchAction\",\"target\":{\"@type\":\"EntryPoint\",\"urlTemplate\":\"https:\\\/\\\/thepiemel.com\\\/?s={search_term_string}\"},\"query-input\":{\"@type\":\"PropertyValueSpecification\",\"valueRequired\":true,\"valueName\":\"search_term_string\"}}],\"inLanguage\":\"es\"}]}<\/script>\n<!-- \/ Yoast SEO plugin. -->","yoast_head_json":{"title":"Log In &#8226; The Piemel","description":"\u60a8\u7684\u9634\u830e\u4ece\u672a\u62e5\u6709\u8fc7\u7684\u624b\u518c\u3002 \u552f\u4e00\uff0c\u6700\u5b8c\u6574\u7684\u4fe1\u606f\u3002 \u4ece\u9f9f\u5934\u7684\u5c16\u7aef\u4e00\u76f4\u5230\u540e\u9762\u3002","robots":{"index":"index","follow":"follow","max-snippet":"max-snippet:-1","max-image-preview":"max-image-preview:large","max-video-preview":"max-video-preview:-1"},"canonical":"https:\/\/thepiemel.com\/login\/","og_locale":"es_ES","og_type":"article","og_title":"Log In &#8226; The Piemel","og_description":"\u60a8\u7684\u9634\u830e\u4ece\u672a\u62e5\u6709\u8fc7\u7684\u624b\u518c\u3002 \u552f\u4e00\uff0c\u6700\u5b8c\u6574\u7684\u4fe1\u606f\u3002 \u4ece\u9f9f\u5934\u7684\u5c16\u7aef\u4e00\u76f4\u5230\u540e\u9762\u3002","og_url":"https:\/\/thepiemel.com\/login\/","og_site_name":"The Piemel","article_modified_time":"2020-10-10T13:21:17+00:00","twitter_card":"summary_large_image","schema":{"@context":"https:\/\/schema.org","@graph":[{"@type":"WebPage","@id":"https:\/\/thepiemel.com\/login\/","url":"https:\/\/thepiemel.com\/login\/","name":"Log In &#8226; The Piemel","isPartOf":{"@id":"https:\/\/thepiemel.com\/#website"},"datePublished":"2020-08-06T07:48:04+00:00","dateModified":"2020-10-10T13:21:17+00:00","description":"\u60a8\u7684\u9634\u830e\u4ece\u672a\u62e5\u6709\u8fc7\u7684\u624b\u518c\u3002 \u552f\u4e00\uff0c\u6700\u5b8c\u6574\u7684\u4fe1\u606f\u3002 \u4ece\u9f9f\u5934\u7684\u5c16\u7aef\u4e00\u76f4\u5230\u540e\u9762\u3002","breadcrumb":{"@id":"https:\/\/thepiemel.com\/login\/#breadcrumb"},"inLanguage":"es","potentialAction":[{"@type":"ReadAction","target":["https:\/\/thepiemel.com\/login\/"]}]},{"@type":"BreadcrumbList","@id":"https:\/\/thepiemel.com\/login\/#breadcrumb","itemListElement":[{"@type":"ListItem","position":1,"name":"Home","item":"https:\/\/thepiemel.com\/"},{"@type":"ListItem","position":2,"name":"Log In"}]},{"@type":"WebSite","@id":"https:\/\/thepiemel.com\/#website","url":"https:\/\/thepiemel.com\/","name":"The Piemel","description":"El Manual Perdido","potentialAction":[{"@type":"SearchAction","target":{"@type":"EntryPoint","urlTemplate":"https:\/\/thepiemel.com\/?s={search_term_string}"},"query-input":{"@type":"PropertyValueSpecification","valueRequired":true,"valueName":"search_term_string"}}],"inLanguage":"es"}]}},"_links":{"self":[{"href":"https:\/\/thepiemel.com\/es\/wp-json\/wp\/v2\/pages\/1167","targetHints":{"allow":["GET"]}}],"collection":[{"href":"https:\/\/thepiemel.com\/es\/wp-json\/wp\/v2\/pages"}],"about":[{"href":"https:\/\/thepiemel.com\/es\/wp-json\/wp\/v2\/types\/page"}],"author":[{"embeddable":true,"href":"https:\/\/thepiemel.com\/es\/wp-json\/wp\/v2\/users\/1"}],"replies":[{"embeddable":true,"href":"https:\/\/thepiemel.com\/es\/wp-json\/wp\/v2\/comments?post=1167"}],"version-history":[{"count":0,"href":"https:\/\/thepiemel.com\/es\/wp-json\/wp\/v2\/pages\/1167\/revisions"}],"wp:attachment":[{"href":"https:\/\/thepiemel.com\/es\/wp-json\/wp\/v2\/media?parent=1167"}],"curies":[{"name":"wp","href":"https:\/\/api.w.org\/{rel}","templated":true}]}}