{"id":647,"date":"2020-08-02T00:13:18","date_gmt":"2020-08-01T22:13:18","guid":{"rendered":"https:\/\/thepiemel.com\/?page_id=647"},"modified":"2021-03-03T23:53:06","modified_gmt":"2021-03-03T22:53:06","slug":"nederlands-privacy-voorwaarden-en-colofon","status":"publish","type":"page","link":"https:\/\/thepiemel.com\/es\/nederlands-privacy-voorwaarden-en-colofon\/","title":{"rendered":"Privacidad, condiciones y colof\u00f3n"},"content":{"rendered":"<div class=\"wpb-content-wrapper\">[vc_row][vc_column][vc_column_text]Este sitio est\u00e1 alojado en Europa. Por lo tanto, se aplican todas las protecciones de privacidad.<\/p>\n<p>Un pito es privado e \u00edntimo. Y deber\u00eda permanecer as\u00ed. Se ha hecho todo lo posible para proteger esto de las grandes empresas de Internet que quieren recopilar todo.<\/p>\n<p>Los textos originales fueron escritos en holand\u00e9s y luego traducidos. Puede haber algunos errores de traducci\u00f3n menores.<\/p>\n<p>El objetivo del sitio es hacer m\u00e1s divertida la vida de los pitos, los due\u00f1os de pito y las parejas de las personas con pito.[\/vc_column_text][\/vc_column][\/vc_row]\n<\/div>","protected":false},"excerpt":{"rendered":"<p>[vc_row][vc_column][vc_column_text]Este sitio est\u00e1 alojado en Europa. Por lo tanto, se aplican todas las protecciones de privacidad. Un pito es privado &hellip; <a href=\"https:\/\/thepiemel.com\/es\/nederlands-privacy-voorwaarden-en-colofon\/\" class=\"more-link\">Sigue leyendo <span class=\"screen-reader-text\">Privacidad, condiciones y colof\u00f3n<\/span><\/a><\/p>\n","protected":false},"author":1,"featured_media":2014,"parent":0,"menu_order":0,"comment_status":"closed","ping_status":"closed","template":"","meta":{"pmpro_default_level":"","footnotes":""},"class_list":["post-647","page","type-page","status-publish","has-post-thumbnail","hentry","pmpro-has-access"],"yoast_head":"<!-- This site is optimized with the Yoast SEO plugin v27.3 - https:\/\/yoast.com\/product\/yoast-seo-wordpress\/ -->\n<title>Privacidad, condiciones y colof\u00f3n &#8226; The Piemel<\/title>\n<meta name=\"description\" content=\"\u60a8\u7684\u9634\u830e\u4ece\u672a\u62e5\u6709\u8fc7\u7684\u624b\u518c\u3002 \u552f\u4e00\uff0c\u6700\u5b8c\u6574\u7684\u4fe1\u606f\u3002 \u4ece\u9f9f\u5934\u7684\u5c16\u7aef\u4e00\u76f4\u5230\u540e\u9762\u3002\" \/>\n<meta name=\"robots\" content=\"index, follow, max-snippet:-1, max-image-preview:large, max-video-preview:-1\" \/>\n<link rel=\"canonical\" href=\"https:\/\/thepiemel.com\/zh\/nederlands-privacy-voorwaarden-en-colofon\/\" \/>\n<meta property=\"og:locale\" content=\"es_ES\" \/>\n<meta property=\"og:type\" content=\"article\" \/>\n<meta property=\"og:title\" content=\"[:en]Privacy, Conditions and Colophon[:es]Privacidad, condiciones y colof\u00f3n[:nl]Privacy, Voorwaarden en Colofon[:zh]\u9690\u79c1\u6743\uff0c\u6761\u6b3e\u548c\u79d1\u6d1b\u82ac[:] &#8226; The Piemel\" \/>\n<meta property=\"og:description\" content=\"\u60a8\u7684\u9634\u830e\u4ece\u672a\u62e5\u6709\u8fc7\u7684\u624b\u518c\u3002 \u552f\u4e00\uff0c\u6700\u5b8c\u6574\u7684\u4fe1\u606f\u3002 \u4ece\u9f9f\u5934\u7684\u5c16\u7aef\u4e00\u76f4\u5230\u540e\u9762\u3002\" \/>\n<meta property=\"og:url\" content=\"https:\/\/thepiemel.com\/zh\/nederlands-privacy-voorwaarden-en-colofon\/\" \/>\n<meta property=\"og:site_name\" content=\"The Piemel\" \/>\n<meta property=\"article:modified_time\" content=\"2021-03-03T22:53:06+00:00\" \/>\n<meta property=\"og:image\" content=\"https:\/\/thepiemel.com\/wp-content\/uploads\/2020\/10\/5f67b0434f994.jpg\" \/>\n\t<meta property=\"og:image:width\" content=\"908\" \/>\n\t<meta property=\"og:image:height\" content=\"935\" \/>\n\t<meta property=\"og:image:type\" content=\"image\/jpeg\" \/>\n<meta name=\"twitter:card\" content=\"summary_large_image\" \/>\n<meta name=\"twitter:label1\" content=\"Tiempo de lectura\" \/>\n\t<meta name=\"twitter:data1\" content=\"2 minutos\" \/>\n<script type=\"application\/ld+json\" class=\"yoast-schema-graph\">{\"@context\":\"https:\\\/\\\/schema.org\",\"@graph\":[{\"@type\":\"WebPage\",\"@id\":\"https:\\\/\\\/thepiemel.com\\\/zh\\\/nederlands-privacy-voorwaarden-en-colofon\\\/\",\"url\":\"https:\\\/\\\/thepiemel.com\\\/zh\\\/nederlands-privacy-voorwaarden-en-colofon\\\/\",\"name\":\"[:en]Privacy, Conditions and Colophon[:es]Privacidad, condiciones y colof\u00f3n[:nl]Privacy, Voorwaarden en Colofon[:zh]\u9690\u79c1\u6743\uff0c\u6761\u6b3e\u548c\u79d1\u6d1b\u82ac[:] &#8226; The Piemel\",\"isPartOf\":{\"@id\":\"https:\\\/\\\/thepiemel.com\\\/#website\"},\"primaryImageOfPage\":{\"@id\":\"https:\\\/\\\/thepiemel.com\\\/zh\\\/nederlands-privacy-voorwaarden-en-colofon\\\/#primaryimage\"},\"image\":{\"@id\":\"https:\\\/\\\/thepiemel.com\\\/zh\\\/nederlands-privacy-voorwaarden-en-colofon\\\/#primaryimage\"},\"thumbnailUrl\":\"https:\\\/\\\/thepiemel.com\\\/wp-content\\\/uploads\\\/2020\\\/10\\\/5f67b0434f994.jpg\",\"datePublished\":\"2020-08-01T22:13:18+00:00\",\"dateModified\":\"2021-03-03T22:53:06+00:00\",\"description\":\"\u60a8\u7684\u9634\u830e\u4ece\u672a\u62e5\u6709\u8fc7\u7684\u624b\u518c\u3002 \u552f\u4e00\uff0c\u6700\u5b8c\u6574\u7684\u4fe1\u606f\u3002 \u4ece\u9f9f\u5934\u7684\u5c16\u7aef\u4e00\u76f4\u5230\u540e\u9762\u3002\",\"breadcrumb\":{\"@id\":\"https:\\\/\\\/thepiemel.com\\\/zh\\\/nederlands-privacy-voorwaarden-en-colofon\\\/#breadcrumb\"},\"inLanguage\":\"es\",\"potentialAction\":[{\"@type\":\"ReadAction\",\"target\":[\"https:\\\/\\\/thepiemel.com\\\/zh\\\/nederlands-privacy-voorwaarden-en-colofon\\\/\"]}]},{\"@type\":\"ImageObject\",\"inLanguage\":\"es\",\"@id\":\"https:\\\/\\\/thepiemel.com\\\/zh\\\/nederlands-privacy-voorwaarden-en-colofon\\\/#primaryimage\",\"url\":\"https:\\\/\\\/thepiemel.com\\\/wp-content\\\/uploads\\\/2020\\\/10\\\/5f67b0434f994.jpg\",\"contentUrl\":\"https:\\\/\\\/thepiemel.com\\\/wp-content\\\/uploads\\\/2020\\\/10\\\/5f67b0434f994.jpg\",\"width\":908,\"height\":935},{\"@type\":\"BreadcrumbList\",\"@id\":\"https:\\\/\\\/thepiemel.com\\\/zh\\\/nederlands-privacy-voorwaarden-en-colofon\\\/#breadcrumb\",\"itemListElement\":[{\"@type\":\"ListItem\",\"position\":1,\"name\":\"Home\",\"item\":\"https:\\\/\\\/thepiemel.com\\\/\"},{\"@type\":\"ListItem\",\"position\":2,\"name\":\"\u9690\u79c1\u6743\uff0c\u6761\u6b3e\u548c\u79d1\u6d1b\u82ac\"}]},{\"@type\":\"WebSite\",\"@id\":\"https:\\\/\\\/thepiemel.com\\\/#website\",\"url\":\"https:\\\/\\\/thepiemel.com\\\/\",\"name\":\"The Piemel\",\"description\":\"El Manual Perdido\",\"potentialAction\":[{\"@type\":\"SearchAction\",\"target\":{\"@type\":\"EntryPoint\",\"urlTemplate\":\"https:\\\/\\\/thepiemel.com\\\/?s={search_term_string}\"},\"query-input\":{\"@type\":\"PropertyValueSpecification\",\"valueRequired\":true,\"valueName\":\"search_term_string\"}}],\"inLanguage\":\"es\"}]}<\/script>\n<!-- \/ Yoast SEO plugin. -->","yoast_head_json":{"title":"[:en]Privacy, Conditions and Colophon[:es]Privacidad, condiciones y colof\u00f3n[:nl]Privacy, Voorwaarden en Colofon[:zh]\u9690\u79c1\u6743\uff0c\u6761\u6b3e\u548c\u79d1\u6d1b\u82ac[:] &#8226; The Piemel","description":"\u60a8\u7684\u9634\u830e\u4ece\u672a\u62e5\u6709\u8fc7\u7684\u624b\u518c\u3002 \u552f\u4e00\uff0c\u6700\u5b8c\u6574\u7684\u4fe1\u606f\u3002 \u4ece\u9f9f\u5934\u7684\u5c16\u7aef\u4e00\u76f4\u5230\u540e\u9762\u3002","robots":{"index":"index","follow":"follow","max-snippet":"max-snippet:-1","max-image-preview":"max-image-preview:large","max-video-preview":"max-video-preview:-1"},"canonical":"https:\/\/thepiemel.com\/zh\/nederlands-privacy-voorwaarden-en-colofon\/","og_locale":"es_ES","og_type":"article","og_title":"[:en]Privacy, Conditions and Colophon[:es]Privacidad, condiciones y colof\u00f3n[:nl]Privacy, Voorwaarden en Colofon[:zh]\u9690\u79c1\u6743\uff0c\u6761\u6b3e\u548c\u79d1\u6d1b\u82ac[:] &#8226; The Piemel","og_description":"\u60a8\u7684\u9634\u830e\u4ece\u672a\u62e5\u6709\u8fc7\u7684\u624b\u518c\u3002 \u552f\u4e00\uff0c\u6700\u5b8c\u6574\u7684\u4fe1\u606f\u3002 \u4ece\u9f9f\u5934\u7684\u5c16\u7aef\u4e00\u76f4\u5230\u540e\u9762\u3002","og_url":"https:\/\/thepiemel.com\/zh\/nederlands-privacy-voorwaarden-en-colofon\/","og_site_name":"The Piemel","article_modified_time":"2021-03-03T22:53:06+00:00","og_image":[{"width":908,"height":935,"url":"https:\/\/thepiemel.com\/wp-content\/uploads\/2020\/10\/5f67b0434f994.jpg","type":"image\/jpeg"}],"twitter_card":"summary_large_image","twitter_misc":{"Tiempo de lectura":"2 minutos"},"schema":{"@context":"https:\/\/schema.org","@graph":[{"@type":"WebPage","@id":"https:\/\/thepiemel.com\/zh\/nederlands-privacy-voorwaarden-en-colofon\/","url":"https:\/\/thepiemel.com\/zh\/nederlands-privacy-voorwaarden-en-colofon\/","name":"[:en]Privacy, Conditions and Colophon[:es]Privacidad, condiciones y colof\u00f3n[:nl]Privacy, Voorwaarden en Colofon[:zh]\u9690\u79c1\u6743\uff0c\u6761\u6b3e\u548c\u79d1\u6d1b\u82ac[:] &#8226; The Piemel","isPartOf":{"@id":"https:\/\/thepiemel.com\/#website"},"primaryImageOfPage":{"@id":"https:\/\/thepiemel.com\/zh\/nederlands-privacy-voorwaarden-en-colofon\/#primaryimage"},"image":{"@id":"https:\/\/thepiemel.com\/zh\/nederlands-privacy-voorwaarden-en-colofon\/#primaryimage"},"thumbnailUrl":"https:\/\/thepiemel.com\/wp-content\/uploads\/2020\/10\/5f67b0434f994.jpg","datePublished":"2020-08-01T22:13:18+00:00","dateModified":"2021-03-03T22:53:06+00:00","description":"\u60a8\u7684\u9634\u830e\u4ece\u672a\u62e5\u6709\u8fc7\u7684\u624b\u518c\u3002 \u552f\u4e00\uff0c\u6700\u5b8c\u6574\u7684\u4fe1\u606f\u3002 \u4ece\u9f9f\u5934\u7684\u5c16\u7aef\u4e00\u76f4\u5230\u540e\u9762\u3002","breadcrumb":{"@id":"https:\/\/thepiemel.com\/zh\/nederlands-privacy-voorwaarden-en-colofon\/#breadcrumb"},"inLanguage":"es","potentialAction":[{"@type":"ReadAction","target":["https:\/\/thepiemel.com\/zh\/nederlands-privacy-voorwaarden-en-colofon\/"]}]},{"@type":"ImageObject","inLanguage":"es","@id":"https:\/\/thepiemel.com\/zh\/nederlands-privacy-voorwaarden-en-colofon\/#primaryimage","url":"https:\/\/thepiemel.com\/wp-content\/uploads\/2020\/10\/5f67b0434f994.jpg","contentUrl":"https:\/\/thepiemel.com\/wp-content\/uploads\/2020\/10\/5f67b0434f994.jpg","width":908,"height":935},{"@type":"BreadcrumbList","@id":"https:\/\/thepiemel.com\/zh\/nederlands-privacy-voorwaarden-en-colofon\/#breadcrumb","itemListElement":[{"@type":"ListItem","position":1,"name":"Home","item":"https:\/\/thepiemel.com\/"},{"@type":"ListItem","position":2,"name":"\u9690\u79c1\u6743\uff0c\u6761\u6b3e\u548c\u79d1\u6d1b\u82ac"}]},{"@type":"WebSite","@id":"https:\/\/thepiemel.com\/#website","url":"https:\/\/thepiemel.com\/","name":"The Piemel","description":"El Manual Perdido","potentialAction":[{"@type":"SearchAction","target":{"@type":"EntryPoint","urlTemplate":"https:\/\/thepiemel.com\/?s={search_term_string}"},"query-input":{"@type":"PropertyValueSpecification","valueRequired":true,"valueName":"search_term_string"}}],"inLanguage":"es"}]}},"_links":{"self":[{"href":"https:\/\/thepiemel.com\/es\/wp-json\/wp\/v2\/pages\/647","targetHints":{"allow":["GET"]}}],"collection":[{"href":"https:\/\/thepiemel.com\/es\/wp-json\/wp\/v2\/pages"}],"about":[{"href":"https:\/\/thepiemel.com\/es\/wp-json\/wp\/v2\/types\/page"}],"author":[{"embeddable":true,"href":"https:\/\/thepiemel.com\/es\/wp-json\/wp\/v2\/users\/1"}],"replies":[{"embeddable":true,"href":"https:\/\/thepiemel.com\/es\/wp-json\/wp\/v2\/comments?post=647"}],"version-history":[{"count":1,"href":"https:\/\/thepiemel.com\/es\/wp-json\/wp\/v2\/pages\/647\/revisions"}],"predecessor-version":[{"id":3199,"href":"https:\/\/thepiemel.com\/es\/wp-json\/wp\/v2\/pages\/647\/revisions\/3199"}],"wp:featuredmedia":[{"embeddable":true,"href":"https:\/\/thepiemel.com\/es\/wp-json\/wp\/v2\/media\/2014"}],"wp:attachment":[{"href":"https:\/\/thepiemel.com\/es\/wp-json\/wp\/v2\/media?parent=647"}],"curies":[{"name":"wp","href":"https:\/\/api.w.org\/{rel}","templated":true}]}}