{"id":79,"date":"2020-07-06T13:54:18","date_gmt":"2020-07-06T11:54:18","guid":{"rendered":"https:\/\/thepiemel.com\/?page_id=79"},"modified":"2025-09-04T12:52:24","modified_gmt":"2025-09-04T10:52:24","slug":"home","status":"publish","type":"page","link":"https:\/\/thepiemel.com\/nl\/","title":{"rendered":"Home"},"content":{"rendered":"<div class=\"wpb-content-wrapper\">[vc_row][vc_column][vc_column_text][\/vc_column_text][\/vc_column][\/vc_row][vc_row][vc_column][vc_column_text]<!-- Fout, Ad is op dit moment niet beschikbaar vanwege schema\/geolocatie beperkingen! -->[\/vc_column_text][vc_custom_heading text=&#8221;Hoe werkt een Piemel&#8221; font_container=&#8221;tag:h1|text_align:center&#8221; use_theme_fonts=&#8221;yes&#8221;][vc_custom_heading text=&#8221;Het Ontbrekende Handboek&#8221; font_container=&#8221;tag:h2|text_align:center&#8221; use_theme_fonts=&#8221;yes&#8221;][vc_empty_space][vc_column_text]<!-- Fout, Ad is op dit moment niet beschikbaar vanwege schema\/geolocatie beperkingen! -->[\/vc_column_text][\/vc_column][\/vc_row][vc_row el_id=&#8221;basic&#8221;][vc_column][vc_masonry_grid post_type=&#8221;post&#8221; max_items=&#8221;20&#8243; element_width=&#8221;3&#8243; order=&#8221;ASC&#8221; item=&#8221;none&#8221; grid_id=&#8221;vc_gid:1756983099744-ea94e941-4b45-0&#8243; taxonomies=&#8221;8&#8243;][vc_column_text]<!-- Fout, Ad is op dit moment niet beschikbaar vanwege schema\/geolocatie beperkingen! -->[\/vc_column_text][vc_column_text css=&#8221;&#8221;]\n<h2>Lees alle extra&#8217;s voor slechts \u20ac 5,00<\/h2>\n[\/vc_column_text][vc_column_text]<!-- Fout, Ad is op dit moment niet beschikbaar vanwege schema\/geolocatie beperkingen! -->[\/vc_column_text][\/vc_column][\/vc_row][vc_row el_id=&#8221;advanced&#8221;][vc_column][vc_masonry_grid post_type=&#8221;post&#8221; max_items=&#8221;20&#8243; element_width=&#8221;3&#8243; order=&#8221;ASC&#8221; item=&#8221;none&#8221; grid_id=&#8221;vc_gid:1756983099744-46333a0d-f9ca-0&#8243; taxonomies=&#8221;1&#8243;][\/vc_column][\/vc_row][vc_row][vc_column][vc_column_text][\/vc_column_text][\/vc_column][\/vc_row]\n<\/div>","protected":false},"excerpt":{"rendered":"<p>[vc_row][vc_column][vc_column_text][\/vc_column_text][\/vc_column][\/vc_row][vc_row][vc_column][vc_column_text][\/vc_column_text][vc_custom_heading text=&#8221;Hoe werkt een Piemel&#8221; font_container=&#8221;tag:h1|text_align:center&#8221; use_theme_fonts=&#8221;yes&#8221;][vc_custom_heading text=&#8221;Het Ontbrekende Handboek&#8221; font_container=&#8221;tag:h2|text_align:center&#8221; use_theme_fonts=&#8221;yes&#8221;][vc_empty_space][vc_column_text][\/vc_column_text][\/vc_column][\/vc_row][vc_row el_id=&#8221;basic&#8221;][vc_column][vc_masonry_grid post_type=&#8221;post&#8221; max_items=&#8221;20&#8243; element_width=&#8221;3&#8243; order=&#8221;ASC&#8221; item=&#8221;none&#8221; grid_id=&#8221;vc_gid:1756983099744-ea94e941-4b45-0&#8243; taxonomies=&#8221;8&#8243;][vc_column_text][\/vc_column_text][vc_column_text &hellip; <a href=\"https:\/\/thepiemel.com\/nl\/\" class=\"more-link\">Lees verder <span class=\"screen-reader-text\">Home<\/span><\/a><\/p>\n","protected":false},"author":1,"featured_media":0,"parent":0,"menu_order":0,"comment_status":"closed","ping_status":"closed","template":"template-page-builder.php","meta":{"pmpro_default_level":"","footnotes":""},"class_list":["post-79","page","type-page","status-publish","hentry","pmpro-has-access"],"yoast_head":"<!-- This site is optimized with the Yoast SEO plugin v27.3 - https:\/\/yoast.com\/product\/yoast-seo-wordpress\/ -->\n<title>Home &#8226; The Piemel<\/title>\n<meta name=\"description\" content=\"The handbook you never got with your willy. Unique and most complete information. From the tip of your glans to all the way behind. El manual que nunca recibiste con tu pito. Informaci\u00f3n \u00fanica y m\u00e1s completa. Desde la punta del glande desde atr\u00e1s. H\u00e9t handboek dat je nooit bij je piemel kreeg. Unieke en meest complete informatie. Van het puntje van je eikel toch van achteren.\" \/>\n<meta name=\"robots\" content=\"index, follow, max-snippet:-1, max-image-preview:large, max-video-preview:-1\" \/>\n<link rel=\"canonical\" href=\"https:\/\/thepiemel.com\/\" \/>\n<meta property=\"og:locale\" content=\"nl_NL\" \/>\n<meta property=\"og:type\" content=\"article\" \/>\n<meta property=\"og:title\" content=\"[:en]Home[:es]Inicio[:zh]\u4e3b\u9875[:nl]Home[:ar]\u0627\u0644\u0628\u062f\u0621[:pt]Come\u00e7ar[:it]Inizio[:] &#8226; The Piemel\" \/>\n<meta property=\"og:description\" content=\"The handbook you never got with your willy. Unique and most complete information. From the tip of your glans to all the way behind. El manual que nunca recibiste con tu pito. Informaci\u00f3n \u00fanica y m\u00e1s completa. Desde la punta del glande desde atr\u00e1s. H\u00e9t handboek dat je nooit bij je piemel kreeg. Unieke en meest complete informatie. Van het puntje van je eikel toch van achteren.\" \/>\n<meta property=\"og:url\" content=\"https:\/\/thepiemel.com\/\" \/>\n<meta property=\"og:site_name\" content=\"The Piemel\" \/>\n<meta property=\"article:modified_time\" content=\"2025-09-04T10:52:24+00:00\" \/>\n<meta name=\"twitter:card\" content=\"summary_large_image\" \/>\n<meta name=\"twitter:label1\" content=\"Geschatte leestijd\" \/>\n\t<meta name=\"twitter:data1\" content=\"2 minuten\" \/>\n<script type=\"application\/ld+json\" class=\"yoast-schema-graph\">{\"@context\":\"https:\\\/\\\/schema.org\",\"@graph\":[{\"@type\":\"WebPage\",\"@id\":\"https:\\\/\\\/thepiemel.com\\\/\",\"url\":\"https:\\\/\\\/thepiemel.com\\\/\",\"name\":\"[:en]Home[:es]Inicio[:zh]\u4e3b\u9875[:nl]Home[:ar]\u0627\u0644\u0628\u062f\u0621[:pt]Come\u00e7ar[:it]Inizio[:] &#8226; The Piemel\",\"isPartOf\":{\"@id\":\"https:\\\/\\\/thepiemel.com\\\/#website\"},\"datePublished\":\"2020-07-06T11:54:18+00:00\",\"dateModified\":\"2025-09-04T10:52:24+00:00\",\"description\":\"The handbook you never got with your willy. Unique and most complete information. From the tip of your glans to all the way behind. El manual que nunca recibiste con tu pito. Informaci\u00f3n \u00fanica y m\u00e1s completa. Desde la punta del glande desde atr\u00e1s. H\u00e9t handboek dat je nooit bij je piemel kreeg. Unieke en meest complete informatie. Van het puntje van je eikel toch van achteren.\",\"breadcrumb\":{\"@id\":\"https:\\\/\\\/thepiemel.com\\\/#breadcrumb\"},\"inLanguage\":\"nl-NL\",\"potentialAction\":[{\"@type\":\"ReadAction\",\"target\":[\"https:\\\/\\\/thepiemel.com\\\/\"]}]},{\"@type\":\"BreadcrumbList\",\"@id\":\"https:\\\/\\\/thepiemel.com\\\/#breadcrumb\",\"itemListElement\":[{\"@type\":\"ListItem\",\"position\":1,\"name\":\"Home\",\"item\":\"https:\\\/\\\/thepiemel.com\\\/\"},{\"@type\":\"ListItem\",\"position\":2,\"name\":\"Home\"}]},{\"@type\":\"WebSite\",\"@id\":\"https:\\\/\\\/thepiemel.com\\\/#website\",\"url\":\"https:\\\/\\\/thepiemel.com\\\/\",\"name\":\"The Piemel\",\"description\":\"Het Ontbrekende Handboek\",\"potentialAction\":[{\"@type\":\"SearchAction\",\"target\":{\"@type\":\"EntryPoint\",\"urlTemplate\":\"https:\\\/\\\/thepiemel.com\\\/?s={search_term_string}\"},\"query-input\":{\"@type\":\"PropertyValueSpecification\",\"valueRequired\":true,\"valueName\":\"search_term_string\"}}],\"inLanguage\":\"nl-NL\"}]}<\/script>\n<!-- \/ Yoast SEO plugin. -->","yoast_head_json":{"title":"[:en]Home[:es]Inicio[:zh]\u4e3b\u9875[:nl]Home[:ar]\u0627\u0644\u0628\u062f\u0621[:pt]Come\u00e7ar[:it]Inizio[:] &#8226; The Piemel","description":"The handbook you never got with your willy. Unique and most complete information. From the tip of your glans to all the way behind. El manual que nunca recibiste con tu pito. Informaci\u00f3n \u00fanica y m\u00e1s completa. Desde la punta del glande desde atr\u00e1s. H\u00e9t handboek dat je nooit bij je piemel kreeg. Unieke en meest complete informatie. Van het puntje van je eikel toch van achteren.","robots":{"index":"index","follow":"follow","max-snippet":"max-snippet:-1","max-image-preview":"max-image-preview:large","max-video-preview":"max-video-preview:-1"},"canonical":"https:\/\/thepiemel.com\/","og_locale":"nl_NL","og_type":"article","og_title":"[:en]Home[:es]Inicio[:zh]\u4e3b\u9875[:nl]Home[:ar]\u0627\u0644\u0628\u062f\u0621[:pt]Come\u00e7ar[:it]Inizio[:] &#8226; The Piemel","og_description":"The handbook you never got with your willy. Unique and most complete information. From the tip of your glans to all the way behind. El manual que nunca recibiste con tu pito. Informaci\u00f3n \u00fanica y m\u00e1s completa. Desde la punta del glande desde atr\u00e1s. H\u00e9t handboek dat je nooit bij je piemel kreeg. Unieke en meest complete informatie. Van het puntje van je eikel toch van achteren.","og_url":"https:\/\/thepiemel.com\/","og_site_name":"The Piemel","article_modified_time":"2025-09-04T10:52:24+00:00","twitter_card":"summary_large_image","twitter_misc":{"Geschatte leestijd":"2 minuten"},"schema":{"@context":"https:\/\/schema.org","@graph":[{"@type":"WebPage","@id":"https:\/\/thepiemel.com\/","url":"https:\/\/thepiemel.com\/","name":"[:en]Home[:es]Inicio[:zh]\u4e3b\u9875[:nl]Home[:ar]\u0627\u0644\u0628\u062f\u0621[:pt]Come\u00e7ar[:it]Inizio[:] &#8226; The Piemel","isPartOf":{"@id":"https:\/\/thepiemel.com\/#website"},"datePublished":"2020-07-06T11:54:18+00:00","dateModified":"2025-09-04T10:52:24+00:00","description":"The handbook you never got with your willy. Unique and most complete information. From the tip of your glans to all the way behind. El manual que nunca recibiste con tu pito. Informaci\u00f3n \u00fanica y m\u00e1s completa. Desde la punta del glande desde atr\u00e1s. H\u00e9t handboek dat je nooit bij je piemel kreeg. Unieke en meest complete informatie. Van het puntje van je eikel toch van achteren.","breadcrumb":{"@id":"https:\/\/thepiemel.com\/#breadcrumb"},"inLanguage":"nl-NL","potentialAction":[{"@type":"ReadAction","target":["https:\/\/thepiemel.com\/"]}]},{"@type":"BreadcrumbList","@id":"https:\/\/thepiemel.com\/#breadcrumb","itemListElement":[{"@type":"ListItem","position":1,"name":"Home","item":"https:\/\/thepiemel.com\/"},{"@type":"ListItem","position":2,"name":"Home"}]},{"@type":"WebSite","@id":"https:\/\/thepiemel.com\/#website","url":"https:\/\/thepiemel.com\/","name":"The Piemel","description":"Het Ontbrekende Handboek","potentialAction":[{"@type":"SearchAction","target":{"@type":"EntryPoint","urlTemplate":"https:\/\/thepiemel.com\/?s={search_term_string}"},"query-input":{"@type":"PropertyValueSpecification","valueRequired":true,"valueName":"search_term_string"}}],"inLanguage":"nl-NL"}]}},"_links":{"self":[{"href":"https:\/\/thepiemel.com\/nl\/wp-json\/wp\/v2\/pages\/79","targetHints":{"allow":["GET"]}}],"collection":[{"href":"https:\/\/thepiemel.com\/nl\/wp-json\/wp\/v2\/pages"}],"about":[{"href":"https:\/\/thepiemel.com\/nl\/wp-json\/wp\/v2\/types\/page"}],"author":[{"embeddable":true,"href":"https:\/\/thepiemel.com\/nl\/wp-json\/wp\/v2\/users\/1"}],"replies":[{"embeddable":true,"href":"https:\/\/thepiemel.com\/nl\/wp-json\/wp\/v2\/comments?post=79"}],"version-history":[{"count":16,"href":"https:\/\/thepiemel.com\/nl\/wp-json\/wp\/v2\/pages\/79\/revisions"}],"predecessor-version":[{"id":3478,"href":"https:\/\/thepiemel.com\/nl\/wp-json\/wp\/v2\/pages\/79\/revisions\/3478"}],"wp:attachment":[{"href":"https:\/\/thepiemel.com\/nl\/wp-json\/wp\/v2\/media?parent=79"}],"curies":[{"name":"wp","href":"https:\/\/api.w.org\/{rel}","templated":true}]}}